{"id":74,"date":"2021-03-01T11:36:07","date_gmt":"2021-03-01T10:36:07","guid":{"rendered":"http:\/\/bricdom.com\/index.php\/page-daccueil-3\/"},"modified":"2021-06-29T11:35:32","modified_gmt":"2021-06-29T09:35:32","slug":"page-daccueil-3","status":"publish","type":"page","link":"https:\/\/bricdom.com\/","title":{"rendered":"Page d\u2019accueil"},"content":{"rendered":"<div class='white' style='background:rgba(0,0,0,0); border:solid 0px rgba(0,0,0,0); border-radius:0px; padding:0px 0px 0px 0px;'>\n<div id='slider_154' class='owl-carousel sa_owl_theme owl-pagination-true autohide-arrows' data-slider-id='slider_154' style='visibility:hidden;'>\n<div id='slider_154_slide01' class='sa_hover_container' style='padding:5% 5%; margin:0px 0%; background-image:url(&quot;https:\/\/i0.wp.com\/bricdom.com\/wp-content\/uploads\/2020\/12\/mt-sample-background.jpg?fit=1920%2C1280&amp;ssl=1&quot;); background-position:center top; background-size:100% auto; background-repeat:no-repeat; '><h1 style=\"text-align: center;\">Slide content<\/h1><\/div>\n<div id='slider_154_slide02' class='sa_hover_container' style='padding:5% 5%; margin:0px 0%; background-image:url(&quot;https:\/\/i1.wp.com\/bricdom.com\/wp-content\/uploads\/2021\/02\/other-small.jpg?fit=1920%2C1280&amp;ssl=1&quot;); background-position:center top; background-size:100% auto; background-repeat:no-repeat; '><h1 style=\"text-align: center;\">Slide content<\/h1><\/div>\n<\/div>\n<\/div>\n<script type='text\/javascript'>\n\tjQuery(document).ready(function() {\n\t\tjQuery('#slider_154').owlCarousel({\n\t\t\titems : 1,\n\t\t\tsmartSpeed : 800,\n\t\t\tautoplay : true,\n\t\t\tautoplayTimeout : 5000,\n\t\t\tautoplayHoverPause : true,\n\t\t\tsmartSpeed : 800,\n\t\t\tfluidSpeed : 800,\n\t\t\tautoplaySpeed : 800,\n\t\t\tnavSpeed : 800,\n\t\t\tdotsSpeed : 800,\n\t\t\tloop : true,\n\t\t\tnav : true,\n\t\t\tnavText : ['Previous','Next'],\n\t\t\tdots : true,\n\t\t\tresponsiveRefreshRate : 200,\n\t\t\tslideBy : 1,\n\t\t\tmergeFit : true,\n\t\t\tautoHeight : true,\n\t\t\tmouseDrag : false,\n\t\t\ttouchDrag : true\n\t\t});\n\t\tjQuery('#slider_154').css('visibility', 'visible');\n\t\tsa_resize_slider_154();\n\t\twindow.addEventListener('resize', sa_resize_slider_154);\n\t\tfunction sa_resize_slider_154() {\n\t\t\tvar min_height = '50';\n\t\t\tvar win_width = jQuery(window).width();\n\t\t\tvar slider_width = jQuery('#slider_154').width();\n\t\t\tif (win_width < 480) {\n\t\t\t\tvar slide_width = slider_width \/ 1;\n\t\t\t} else if (win_width < 768) {\n\t\t\t\tvar slide_width = slider_width \/ 1;\n\t\t\t} else if (win_width < 980) {\n\t\t\t\tvar slide_width = slider_width \/ 1;\n\t\t\t} else if (win_width < 1200) {\n\t\t\t\tvar slide_width = slider_width \/ 1;\n\t\t\t} else if (win_width < 1500) {\n\t\t\t\tvar slide_width = slider_width \/ 1;\n\t\t\t} else {\n\t\t\t\tvar slide_width = slider_width \/ 1;\n\t\t\t}\n\t\t\tslide_width = Math.round(slide_width);\n\t\t\tvar slide_height = '0';\n\t\t\tif (min_height == 'aspect43') {\n\t\t\t\tslide_height = (slide_width \/ 4) * 3;\t\t\t\tslide_height = Math.round(slide_height);\n\t\t\t} else if (min_height == 'aspect169') {\n\t\t\t\tslide_height = (slide_width \/ 16) * 9;\t\t\t\tslide_height = Math.round(slide_height);\n\t\t\t} else {\n\t\t\t\tslide_height = (slide_width \/ 100) * min_height;\t\t\t\tslide_height = Math.round(slide_height);\n\t\t\t}\n\t\t\tjQuery('#slider_154 .owl-item .sa_hover_container').css('min-height', slide_height+'px');\n\t\t}\n\t\tvar owl_goto = jQuery('#slider_154');\n\t\tjQuery('.slider_154_goto1').click(function(event){\n\t\t\towl_goto.trigger('to.owl.carousel', 0);\n\t\t});\n\t\tjQuery('.slider_154_goto2').click(function(event){\n\t\t\towl_goto.trigger('to.owl.carousel', 1);\n\t\t});\n\t\tvar resize_154 = jQuery('.owl-carousel');\n\t\tresize_154.on('initialized.owl.carousel', function(e) {\n\t\t\tif (typeof(Event) === 'function') {\n\t\t\t\twindow.dispatchEvent(new Event('resize'));\n\t\t\t} else {\n\t\t\t\tvar evt = window.document.createEvent('UIEvents');\n\t\t\t\tevt.initUIEvent('resize', true, false, window, 0);\n\t\t\t\twindow.dispatchEvent(evt);\n\t\t\t}\n\t\t});\n\t});\n<\/script>\n\n\n\n\n<h2 class=\"has-text-align-center\">Nouveaut\u00e9s<\/h2>\n\n\n<div class=\"wc-block-grid wp-block-product-new wc-block-product-new has-4-columns has-multiple-rows\"><ul class=\"wc-block-grid__products\"><li class=\"wc-block-grid__product\">\n\t\t\t\t<a href=\"https:\/\/bricdom.com\/?product=cb500\" class=\"wc-block-grid__product-link\">\n\t\t\t\t\t<div class=\"wc-block-grid__product-image\"><img width=\"324\" height=\"324\" src=\"https:\/\/i0.wp.com\/bricdom.com\/wp-content\/uploads\/woocommerce-placeholder.png?resize=324%2C324&amp;ssl=1\" class=\"woocommerce-placeholder wp-post-image\" alt=\"Etiquette\" loading=\"lazy\" srcset=\"https:\/\/i0.wp.com\/bricdom.com\/wp-content\/uploads\/woocommerce-placeholder.png?w=1200&amp;ssl=1 1200w, https:\/\/i0.wp.com\/bricdom.com\/wp-content\/uploads\/woocommerce-placeholder.png?resize=324%2C324&amp;ssl=1 324w, https:\/\/i0.wp.com\/bricdom.com\/wp-content\/uploads\/woocommerce-placeholder.png?resize=100%2C100&amp;ssl=1 100w, https:\/\/i0.wp.com\/bricdom.com\/wp-content\/uploads\/woocommerce-placeholder.png?resize=416%2C416&amp;ssl=1 416w, https:\/\/i0.wp.com\/bricdom.com\/wp-content\/uploads\/woocommerce-placeholder.png?resize=300%2C300&amp;ssl=1 300w, https:\/\/i0.wp.com\/bricdom.com\/wp-content\/uploads\/woocommerce-placeholder.png?resize=1024%2C1024&amp;ssl=1 1024w, https:\/\/i0.wp.com\/bricdom.com\/wp-content\/uploads\/woocommerce-placeholder.png?resize=150%2C150&amp;ssl=1 150w, https:\/\/i0.wp.com\/bricdom.com\/wp-content\/uploads\/woocommerce-placeholder.png?resize=768%2C768&amp;ssl=1 768w\" sizes=\"(max-width: 324px) 100vw, 324px\" \/><\/div>\n\t\t\t\t\t<div class=\"wc-block-grid__product-title\">cb500<\/div>\n\t\t\t\t<\/a>\n\t\t\t\t\n\t\t\t\t<div class=\"wc-block-grid__product-price price\"><span class=\"woocommerce-Price-amount amount\">6099,00<span class=\"woocommerce-Price-currencySymbol\">&euro;<\/span><\/span><\/div>\n\t\t\t\t\n\t\t\t\t<div class=\"wp-block-button wc-block-grid__product-add-to-cart\"><a href=\"?add-to-cart=73\" aria-label=\"Ajouter &ldquo;cb500&rdquo; \u00e0 votre panier\" data-quantity=\"1\" data-product_id=\"73\" data-product_sku=\"\" rel=\"nofollow\" class=\"wp-block-button__link add_to_cart_button ajax_add_to_cart\">Ajouter au panier<\/a><\/div>\n\t\t\t<\/li><li class=\"wc-block-grid__product\">\n\t\t\t\t<a href=\"https:\/\/bricdom.com\/?product=wd40\" class=\"wc-block-grid__product-link\">\n\t\t\t\t\t<div class=\"wc-block-grid__product-image\"><img width=\"324\" height=\"324\" src=\"https:\/\/i0.wp.com\/bricdom.com\/wp-content\/uploads\/woocommerce-placeholder.png?resize=324%2C324&amp;ssl=1\" class=\"woocommerce-placeholder wp-post-image\" alt=\"Etiquette\" loading=\"lazy\" srcset=\"https:\/\/i0.wp.com\/bricdom.com\/wp-content\/uploads\/woocommerce-placeholder.png?w=1200&amp;ssl=1 1200w, https:\/\/i0.wp.com\/bricdom.com\/wp-content\/uploads\/woocommerce-placeholder.png?resize=324%2C324&amp;ssl=1 324w, https:\/\/i0.wp.com\/bricdom.com\/wp-content\/uploads\/woocommerce-placeholder.png?resize=100%2C100&amp;ssl=1 100w, https:\/\/i0.wp.com\/bricdom.com\/wp-content\/uploads\/woocommerce-placeholder.png?resize=416%2C416&amp;ssl=1 416w, https:\/\/i0.wp.com\/bricdom.com\/wp-content\/uploads\/woocommerce-placeholder.png?resize=300%2C300&amp;ssl=1 300w, https:\/\/i0.wp.com\/bricdom.com\/wp-content\/uploads\/woocommerce-placeholder.png?resize=1024%2C1024&amp;ssl=1 1024w, https:\/\/i0.wp.com\/bricdom.com\/wp-content\/uploads\/woocommerce-placeholder.png?resize=150%2C150&amp;ssl=1 150w, https:\/\/i0.wp.com\/bricdom.com\/wp-content\/uploads\/woocommerce-placeholder.png?resize=768%2C768&amp;ssl=1 768w\" sizes=\"(max-width: 324px) 100vw, 324px\" \/><\/div>\n\t\t\t\t\t<div class=\"wc-block-grid__product-title\">WD40<\/div>\n\t\t\t\t<\/a>\n\t\t\t\t\n\t\t\t\t<div class=\"wc-block-grid__product-price price\"><span class=\"woocommerce-Price-amount amount\">10,00<span class=\"woocommerce-Price-currencySymbol\">&euro;<\/span><\/span><\/div>\n\t\t\t\t\n\t\t\t\t<div class=\"wp-block-button wc-block-grid__product-add-to-cart\"><a href=\"?add-to-cart=72\" aria-label=\"Ajouter &ldquo;WD40&rdquo; \u00e0 votre panier\" data-quantity=\"1\" data-product_id=\"72\" data-product_sku=\"\" rel=\"nofollow\" class=\"wp-block-button__link add_to_cart_button ajax_add_to_cart\">Ajouter au panier<\/a><\/div>\n\t\t\t<\/li><li class=\"wc-block-grid__product\">\n\t\t\t\t<a href=\"https:\/\/bricdom.com\/?product=gants-solides\" class=\"wc-block-grid__product-link\">\n\t\t\t\t\t<div class=\"wc-block-grid__product-image\"><img width=\"324\" height=\"324\" src=\"https:\/\/i0.wp.com\/bricdom.com\/wp-content\/uploads\/woocommerce-placeholder.png?resize=324%2C324&amp;ssl=1\" class=\"woocommerce-placeholder wp-post-image\" alt=\"Etiquette\" loading=\"lazy\" srcset=\"https:\/\/i0.wp.com\/bricdom.com\/wp-content\/uploads\/woocommerce-placeholder.png?w=1200&amp;ssl=1 1200w, https:\/\/i0.wp.com\/bricdom.com\/wp-content\/uploads\/woocommerce-placeholder.png?resize=324%2C324&amp;ssl=1 324w, https:\/\/i0.wp.com\/bricdom.com\/wp-content\/uploads\/woocommerce-placeholder.png?resize=100%2C100&amp;ssl=1 100w, https:\/\/i0.wp.com\/bricdom.com\/wp-content\/uploads\/woocommerce-placeholder.png?resize=416%2C416&amp;ssl=1 416w, https:\/\/i0.wp.com\/bricdom.com\/wp-content\/uploads\/woocommerce-placeholder.png?resize=300%2C300&amp;ssl=1 300w, https:\/\/i0.wp.com\/bricdom.com\/wp-content\/uploads\/woocommerce-placeholder.png?resize=1024%2C1024&amp;ssl=1 1024w, https:\/\/i0.wp.com\/bricdom.com\/wp-content\/uploads\/woocommerce-placeholder.png?resize=150%2C150&amp;ssl=1 150w, https:\/\/i0.wp.com\/bricdom.com\/wp-content\/uploads\/woocommerce-placeholder.png?resize=768%2C768&amp;ssl=1 768w\" sizes=\"(max-width: 324px) 100vw, 324px\" \/><\/div>\n\t\t\t\t\t<div class=\"wc-block-grid__product-title\">Gants solides<\/div>\n\t\t\t\t<\/a>\n\t\t\t\t\n\t\t\t\t<div class=\"wc-block-grid__product-price price\"><span class=\"woocommerce-Price-amount amount\">32,00<span class=\"woocommerce-Price-currencySymbol\">&euro;<\/span><\/span><\/div>\n\t\t\t\t\n\t\t\t\t<div class=\"wp-block-button wc-block-grid__product-add-to-cart\"><a href=\"?add-to-cart=71\" aria-label=\"Ajouter &ldquo;Gants solides&rdquo; \u00e0 votre panier\" data-quantity=\"1\" data-product_id=\"71\" data-product_sku=\"\" rel=\"nofollow\" class=\"wp-block-button__link add_to_cart_button ajax_add_to_cart\">Ajouter au panier<\/a><\/div>\n\t\t\t<\/li><li class=\"wc-block-grid__product\">\n\t\t\t\t<a href=\"https:\/\/bricdom.com\/?product=prod\" class=\"wc-block-grid__product-link\">\n\t\t\t\t\t<div class=\"wc-block-grid__product-image\"><img width=\"324\" height=\"324\" src=\"https:\/\/i0.wp.com\/bricdom.com\/wp-content\/uploads\/woocommerce-placeholder.png?resize=324%2C324&amp;ssl=1\" class=\"woocommerce-placeholder wp-post-image\" alt=\"Etiquette\" loading=\"lazy\" srcset=\"https:\/\/i0.wp.com\/bricdom.com\/wp-content\/uploads\/woocommerce-placeholder.png?w=1200&amp;ssl=1 1200w, https:\/\/i0.wp.com\/bricdom.com\/wp-content\/uploads\/woocommerce-placeholder.png?resize=324%2C324&amp;ssl=1 324w, https:\/\/i0.wp.com\/bricdom.com\/wp-content\/uploads\/woocommerce-placeholder.png?resize=100%2C100&amp;ssl=1 100w, https:\/\/i0.wp.com\/bricdom.com\/wp-content\/uploads\/woocommerce-placeholder.png?resize=416%2C416&amp;ssl=1 416w, https:\/\/i0.wp.com\/bricdom.com\/wp-content\/uploads\/woocommerce-placeholder.png?resize=300%2C300&amp;ssl=1 300w, https:\/\/i0.wp.com\/bricdom.com\/wp-content\/uploads\/woocommerce-placeholder.png?resize=1024%2C1024&amp;ssl=1 1024w, https:\/\/i0.wp.com\/bricdom.com\/wp-content\/uploads\/woocommerce-placeholder.png?resize=150%2C150&amp;ssl=1 150w, https:\/\/i0.wp.com\/bricdom.com\/wp-content\/uploads\/woocommerce-placeholder.png?resize=768%2C768&amp;ssl=1 768w\" sizes=\"(max-width: 324px) 100vw, 324px\" \/><\/div>\n\t\t\t\t\t<div class=\"wc-block-grid__product-title\">Prod<\/div>\n\t\t\t\t<\/a>\n\t\t\t\t\n\t\t\t\t<div class=\"wc-block-grid__product-price price\"><span class=\"woocommerce-Price-amount amount\">15,00<span class=\"woocommerce-Price-currencySymbol\">&euro;<\/span><\/span><\/div>\n\t\t\t\t\n\t\t\t\t<div class=\"wp-block-button wc-block-grid__product-add-to-cart\"><a href=\"?add-to-cart=16\" aria-label=\"Ajouter &ldquo;Prod&rdquo; \u00e0 votre panier\" data-quantity=\"1\" data-product_id=\"16\" data-product_sku=\"\" rel=\"nofollow\" class=\"wp-block-button__link add_to_cart_button ajax_add_to_cart\">Ajouter au panier<\/a><\/div>\n\t\t\t<\/li><\/ul><\/div>\n\n\n<h2 class=\"has-text-align-center\">Produits pr\u00e9f\u00e9r\u00e9s de vos clients<\/h2>\n\n\n<div class=\"wc-block-grid wp-block-product-top-rated wc-block-product-top-rated has-4-columns has-multiple-rows\"><ul class=\"wc-block-grid__products\"><li class=\"wc-block-grid__product\">\n\t\t\t\t<a href=\"https:\/\/bricdom.com\/?product=cb500\" class=\"wc-block-grid__product-link\">\n\t\t\t\t\t<div class=\"wc-block-grid__product-image\"><img width=\"324\" height=\"324\" src=\"https:\/\/i0.wp.com\/bricdom.com\/wp-content\/uploads\/woocommerce-placeholder.png?resize=324%2C324&amp;ssl=1\" class=\"woocommerce-placeholder wp-post-image\" alt=\"Etiquette\" loading=\"lazy\" srcset=\"https:\/\/i0.wp.com\/bricdom.com\/wp-content\/uploads\/woocommerce-placeholder.png?w=1200&amp;ssl=1 1200w, https:\/\/i0.wp.com\/bricdom.com\/wp-content\/uploads\/woocommerce-placeholder.png?resize=324%2C324&amp;ssl=1 324w, https:\/\/i0.wp.com\/bricdom.com\/wp-content\/uploads\/woocommerce-placeholder.png?resize=100%2C100&amp;ssl=1 100w, https:\/\/i0.wp.com\/bricdom.com\/wp-content\/uploads\/woocommerce-placeholder.png?resize=416%2C416&amp;ssl=1 416w, https:\/\/i0.wp.com\/bricdom.com\/wp-content\/uploads\/woocommerce-placeholder.png?resize=300%2C300&amp;ssl=1 300w, https:\/\/i0.wp.com\/bricdom.com\/wp-content\/uploads\/woocommerce-placeholder.png?resize=1024%2C1024&amp;ssl=1 1024w, https:\/\/i0.wp.com\/bricdom.com\/wp-content\/uploads\/woocommerce-placeholder.png?resize=150%2C150&amp;ssl=1 150w, https:\/\/i0.wp.com\/bricdom.com\/wp-content\/uploads\/woocommerce-placeholder.png?resize=768%2C768&amp;ssl=1 768w\" sizes=\"(max-width: 324px) 100vw, 324px\" \/><\/div>\n\t\t\t\t\t<div class=\"wc-block-grid__product-title\">cb500<\/div>\n\t\t\t\t<\/a>\n\t\t\t\t\n\t\t\t\t<div class=\"wc-block-grid__product-price price\"><span class=\"woocommerce-Price-amount amount\">6099,00<span class=\"woocommerce-Price-currencySymbol\">&euro;<\/span><\/span><\/div>\n\t\t\t\t\n\t\t\t\t<div class=\"wp-block-button wc-block-grid__product-add-to-cart\"><a href=\"?add-to-cart=73\" aria-label=\"Ajouter &ldquo;cb500&rdquo; \u00e0 votre panier\" data-quantity=\"1\" data-product_id=\"73\" data-product_sku=\"\" rel=\"nofollow\" class=\"wp-block-button__link add_to_cart_button ajax_add_to_cart\">Ajouter au panier<\/a><\/div>\n\t\t\t<\/li><li class=\"wc-block-grid__product\">\n\t\t\t\t<a href=\"https:\/\/bricdom.com\/?product=wd40\" class=\"wc-block-grid__product-link\">\n\t\t\t\t\t<div class=\"wc-block-grid__product-image\"><img width=\"324\" height=\"324\" src=\"https:\/\/i0.wp.com\/bricdom.com\/wp-content\/uploads\/woocommerce-placeholder.png?resize=324%2C324&amp;ssl=1\" class=\"woocommerce-placeholder wp-post-image\" alt=\"Etiquette\" loading=\"lazy\" srcset=\"https:\/\/i0.wp.com\/bricdom.com\/wp-content\/uploads\/woocommerce-placeholder.png?w=1200&amp;ssl=1 1200w, https:\/\/i0.wp.com\/bricdom.com\/wp-content\/uploads\/woocommerce-placeholder.png?resize=324%2C324&amp;ssl=1 324w, https:\/\/i0.wp.com\/bricdom.com\/wp-content\/uploads\/woocommerce-placeholder.png?resize=100%2C100&amp;ssl=1 100w, https:\/\/i0.wp.com\/bricdom.com\/wp-content\/uploads\/woocommerce-placeholder.png?resize=416%2C416&amp;ssl=1 416w, https:\/\/i0.wp.com\/bricdom.com\/wp-content\/uploads\/woocommerce-placeholder.png?resize=300%2C300&amp;ssl=1 300w, https:\/\/i0.wp.com\/bricdom.com\/wp-content\/uploads\/woocommerce-placeholder.png?resize=1024%2C1024&amp;ssl=1 1024w, https:\/\/i0.wp.com\/bricdom.com\/wp-content\/uploads\/woocommerce-placeholder.png?resize=150%2C150&amp;ssl=1 150w, https:\/\/i0.wp.com\/bricdom.com\/wp-content\/uploads\/woocommerce-placeholder.png?resize=768%2C768&amp;ssl=1 768w\" sizes=\"(max-width: 324px) 100vw, 324px\" \/><\/div>\n\t\t\t\t\t<div class=\"wc-block-grid__product-title\">WD40<\/div>\n\t\t\t\t<\/a>\n\t\t\t\t\n\t\t\t\t<div class=\"wc-block-grid__product-price price\"><span class=\"woocommerce-Price-amount amount\">10,00<span class=\"woocommerce-Price-currencySymbol\">&euro;<\/span><\/span><\/div>\n\t\t\t\t\n\t\t\t\t<div class=\"wp-block-button wc-block-grid__product-add-to-cart\"><a href=\"?add-to-cart=72\" aria-label=\"Ajouter &ldquo;WD40&rdquo; \u00e0 votre panier\" data-quantity=\"1\" data-product_id=\"72\" data-product_sku=\"\" rel=\"nofollow\" class=\"wp-block-button__link add_to_cart_button ajax_add_to_cart\">Ajouter au panier<\/a><\/div>\n\t\t\t<\/li><li class=\"wc-block-grid__product\">\n\t\t\t\t<a href=\"https:\/\/bricdom.com\/?product=gants-solides\" class=\"wc-block-grid__product-link\">\n\t\t\t\t\t<div class=\"wc-block-grid__product-image\"><img width=\"324\" height=\"324\" src=\"https:\/\/i0.wp.com\/bricdom.com\/wp-content\/uploads\/woocommerce-placeholder.png?resize=324%2C324&amp;ssl=1\" class=\"woocommerce-placeholder wp-post-image\" alt=\"Etiquette\" loading=\"lazy\" srcset=\"https:\/\/i0.wp.com\/bricdom.com\/wp-content\/uploads\/woocommerce-placeholder.png?w=1200&amp;ssl=1 1200w, https:\/\/i0.wp.com\/bricdom.com\/wp-content\/uploads\/woocommerce-placeholder.png?resize=324%2C324&amp;ssl=1 324w, https:\/\/i0.wp.com\/bricdom.com\/wp-content\/uploads\/woocommerce-placeholder.png?resize=100%2C100&amp;ssl=1 100w, https:\/\/i0.wp.com\/bricdom.com\/wp-content\/uploads\/woocommerce-placeholder.png?resize=416%2C416&amp;ssl=1 416w, https:\/\/i0.wp.com\/bricdom.com\/wp-content\/uploads\/woocommerce-placeholder.png?resize=300%2C300&amp;ssl=1 300w, https:\/\/i0.wp.com\/bricdom.com\/wp-content\/uploads\/woocommerce-placeholder.png?resize=1024%2C1024&amp;ssl=1 1024w, https:\/\/i0.wp.com\/bricdom.com\/wp-content\/uploads\/woocommerce-placeholder.png?resize=150%2C150&amp;ssl=1 150w, https:\/\/i0.wp.com\/bricdom.com\/wp-content\/uploads\/woocommerce-placeholder.png?resize=768%2C768&amp;ssl=1 768w\" sizes=\"(max-width: 324px) 100vw, 324px\" \/><\/div>\n\t\t\t\t\t<div class=\"wc-block-grid__product-title\">Gants solides<\/div>\n\t\t\t\t<\/a>\n\t\t\t\t\n\t\t\t\t<div class=\"wc-block-grid__product-price price\"><span class=\"woocommerce-Price-amount amount\">32,00<span class=\"woocommerce-Price-currencySymbol\">&euro;<\/span><\/span><\/div>\n\t\t\t\t\n\t\t\t\t<div class=\"wp-block-button wc-block-grid__product-add-to-cart\"><a href=\"?add-to-cart=71\" aria-label=\"Ajouter &ldquo;Gants solides&rdquo; \u00e0 votre panier\" data-quantity=\"1\" data-product_id=\"71\" data-product_sku=\"\" rel=\"nofollow\" class=\"wp-block-button__link add_to_cart_button ajax_add_to_cart\">Ajouter au panier<\/a><\/div>\n\t\t\t<\/li><li class=\"wc-block-grid__product\">\n\t\t\t\t<a href=\"https:\/\/bricdom.com\/?product=prod\" class=\"wc-block-grid__product-link\">\n\t\t\t\t\t<div class=\"wc-block-grid__product-image\"><img width=\"324\" height=\"324\" src=\"https:\/\/i0.wp.com\/bricdom.com\/wp-content\/uploads\/woocommerce-placeholder.png?resize=324%2C324&amp;ssl=1\" class=\"woocommerce-placeholder wp-post-image\" alt=\"Etiquette\" loading=\"lazy\" srcset=\"https:\/\/i0.wp.com\/bricdom.com\/wp-content\/uploads\/woocommerce-placeholder.png?w=1200&amp;ssl=1 1200w, https:\/\/i0.wp.com\/bricdom.com\/wp-content\/uploads\/woocommerce-placeholder.png?resize=324%2C324&amp;ssl=1 324w, https:\/\/i0.wp.com\/bricdom.com\/wp-content\/uploads\/woocommerce-placeholder.png?resize=100%2C100&amp;ssl=1 100w, https:\/\/i0.wp.com\/bricdom.com\/wp-content\/uploads\/woocommerce-placeholder.png?resize=416%2C416&amp;ssl=1 416w, https:\/\/i0.wp.com\/bricdom.com\/wp-content\/uploads\/woocommerce-placeholder.png?resize=300%2C300&amp;ssl=1 300w, https:\/\/i0.wp.com\/bricdom.com\/wp-content\/uploads\/woocommerce-placeholder.png?resize=1024%2C1024&amp;ssl=1 1024w, https:\/\/i0.wp.com\/bricdom.com\/wp-content\/uploads\/woocommerce-placeholder.png?resize=150%2C150&amp;ssl=1 150w, https:\/\/i0.wp.com\/bricdom.com\/wp-content\/uploads\/woocommerce-placeholder.png?resize=768%2C768&amp;ssl=1 768w\" sizes=\"(max-width: 324px) 100vw, 324px\" \/><\/div>\n\t\t\t\t\t<div class=\"wc-block-grid__product-title\">Prod<\/div>\n\t\t\t\t<\/a>\n\t\t\t\t\n\t\t\t\t<div class=\"wc-block-grid__product-price price\"><span class=\"woocommerce-Price-amount amount\">15,00<span class=\"woocommerce-Price-currencySymbol\">&euro;<\/span><\/span><\/div>\n\t\t\t\t\n\t\t\t\t<div class=\"wp-block-button wc-block-grid__product-add-to-cart\"><a href=\"?add-to-cart=16\" aria-label=\"Ajouter &ldquo;Prod&rdquo; \u00e0 votre panier\" data-quantity=\"1\" data-product_id=\"16\" data-product_sku=\"\" rel=\"nofollow\" class=\"wp-block-button__link add_to_cart_button ajax_add_to_cart\">Ajouter au panier<\/a><\/div>\n\t\t\t<\/li><\/ul><\/div>","protected":false},"excerpt":{"rendered":"<p>Nouveaut\u00e9s Produits pr\u00e9f\u00e9r\u00e9s de vos clients<\/p>\n","protected":false},"author":1,"featured_media":0,"parent":0,"menu_order":0,"comment_status":"closed","ping_status":"closed","template":"template-fullwidth.php","meta":{"spay_email":""},"jetpack-related-posts":[{"id":3,"url":"https:\/\/bricdom.com\/?page_id=3","url_meta":{"origin":74,"position":0},"title":"Politique de confidentialit\u00e9","date":"7 d\u00e9cembre 2020","format":false,"excerpt":"Qui sommes-nous\u00a0? L\u2019adresse de notre site Web est\u00a0: http:\/\/bricdon.cluster030.hosting.ovh.net. Utilisation des donn\u00e9es personnelles collect\u00e9es Commentaires Quand vous laissez un commentaire sur notre site web, les donn\u00e9es inscrites dans le formulaire de commentaire, mais aussi votre adresse IP et l\u2019agent utilisateur de votre navigateur sont collect\u00e9s pour nous aider \u00e0 la\u2026","rel":"","context":"Article similaire","img":{"alt_text":"","src":"","width":0,"height":0},"classes":[]}],"_links":{"self":[{"href":"https:\/\/bricdom.com\/index.php?rest_route=\/wp\/v2\/pages\/74"}],"collection":[{"href":"https:\/\/bricdom.com\/index.php?rest_route=\/wp\/v2\/pages"}],"about":[{"href":"https:\/\/bricdom.com\/index.php?rest_route=\/wp\/v2\/types\/page"}],"author":[{"embeddable":true,"href":"https:\/\/bricdom.com\/index.php?rest_route=\/wp\/v2\/users\/1"}],"replies":[{"embeddable":true,"href":"https:\/\/bricdom.com\/index.php?rest_route=%2Fwp%2Fv2%2Fcomments&post=74"}],"version-history":[{"count":19,"href":"https:\/\/bricdom.com\/index.php?rest_route=\/wp\/v2\/pages\/74\/revisions"}],"predecessor-version":[{"id":161,"href":"https:\/\/bricdom.com\/index.php?rest_route=\/wp\/v2\/pages\/74\/revisions\/161"}],"wp:attachment":[{"href":"https:\/\/bricdom.com\/index.php?rest_route=%2Fwp%2Fv2%2Fmedia&parent=74"}],"curies":[{"name":"wp","href":"https:\/\/api.w.org\/{rel}","templated":true}]}}